{"id":9,"date":"2017-03-29T17:54:16","date_gmt":"2017-03-29T17:54:16","guid":{"rendered":"http:\/\/dorfgemeinschaft.berkach.de\/?page_id=9"},"modified":"2018-06-02T14:43:30","modified_gmt":"2018-06-02T12:43:30","slug":"impressum","status":"publish","type":"page","link":"http:\/\/dorfgemeinschaft.berkach.de\/?page_id=9","title":{"rendered":"Impressum"},"content":{"rendered":"<h3>Angaben gem\u00e4\u00df \u00a7 5 TMG:<\/h3>\n<p>Dorfgemeinschaft Berkach e.V.<\/p>\n<p>B\u00fcttelborner Stra\u00dfe 9a<br \/>\n64521 Gro\u00df-Gerau<\/p>\n<p>&nbsp;<\/p>\n<h2>Vertreten durch:<\/h2>\n<p>1. Vorsitzender Matthias Ernstberger<\/p>\n<p>2. Vorsitzender Michael L\u00e4mmermann<\/p>\n<h2>Kontakt:<\/h2>\n<p>Telefon 06152\/910215<\/p>\n<p>Fax 06152\/910213<\/p>\n<p>E-Mail: dorfgemeinschaft(at)berkach.de<\/p>\n<p>&nbsp;<\/p>\n<h2>Haftungsausschluss:<\/h2>\n<p><strong>Haftung fuer Links<\/strong><\/p>\n<p>Unser Angebot enth\u00e4lt Links zu externen Webseiten Dritter, auf deren Inhalte wir keinen Einfluss haben. Deshalb k\u00f6nnen wir f\u00fcr diese fremden Inhalte auch keine Gew\u00e4hr \u00fcbernehmen. F\u00fcr die Inhalte der verlinkten Seiten ist stets der jeweilige Anbieter oder Betreiber der Seiten verantwortlich. Die verlinkten Seiten wurden zum Zeitpunkt der Verlinkung auf m\u00f6gliche Rechtsverst\u00f6\u00dfe \u00fcberpr\u00fcft. Rechtswidrige Inhalte waren zum Zeitpunkt der Verlinkung nicht erkennbar. Eine permanente inhaltliche Kontrolle der verlinkten Seiten ist jedoch ohne konkrete Anhaltspunkte einer Rechtsverletzung nicht zumutbar. Bei Bekanntwerden von Rechtsverletzungen werden wir derartige Links umgehend entfernen.<\/p>\n","protected":false},"excerpt":{"rendered":"<p>Angaben gem\u00e4\u00df \u00a7 5 TMG: Dorfgemeinschaft Berkach e.V. B\u00fcttelborner Stra\u00dfe 9a 64521 Gro\u00df-Gerau &nbsp; Vertreten durch: 1. Vorsitzender Matthias Ernstberger 2. Vorsitzender Michael L\u00e4mmermann Kontakt: Telefon 06152\/910215 Fax 06152\/910213 E-Mail: dorfgemeinschaft(at)berkach.de &nbsp; Haftungsausschluss: Haftung fuer Links Unser Angebot enth\u00e4lt Links zu externen Webseiten Dritter, auf deren Inhalte wir keinen Einfluss haben. Deshalb k\u00f6nnen wir f\u00fcr [&hellip;]<\/p>\n","protected":false},"author":1,"featured_media":0,"parent":0,"menu_order":0,"comment_status":"closed","ping_status":"closed","template":"","meta":[],"_links":{"self":[{"href":"http:\/\/dorfgemeinschaft.berkach.de\/index.php?rest_route=\/wp\/v2\/pages\/9"}],"collection":[{"href":"http:\/\/dorfgemeinschaft.berkach.de\/index.php?rest_route=\/wp\/v2\/pages"}],"about":[{"href":"http:\/\/dorfgemeinschaft.berkach.de\/index.php?rest_route=\/wp\/v2\/types\/page"}],"author":[{"embeddable":true,"href":"http:\/\/dorfgemeinschaft.berkach.de\/index.php?rest_route=\/wp\/v2\/users\/1"}],"replies":[{"embeddable":true,"href":"http:\/\/dorfgemeinschaft.berkach.de\/index.php?rest_route=%2Fwp%2Fv2%2Fcomments&post=9"}],"version-history":[{"count":7,"href":"http:\/\/dorfgemeinschaft.berkach.de\/index.php?rest_route=\/wp\/v2\/pages\/9\/revisions"}],"predecessor-version":[{"id":664,"href":"http:\/\/dorfgemeinschaft.berkach.de\/index.php?rest_route=\/wp\/v2\/pages\/9\/revisions\/664"}],"wp:attachment":[{"href":"http:\/\/dorfgemeinschaft.berkach.de\/index.php?rest_route=%2Fwp%2Fv2%2Fmedia&parent=9"}],"curies":[{"name":"wp","href":"https:\/\/api.w.org\/{rel}","templated":true}]}}