{"id":6,"date":"2017-03-29T17:54:16","date_gmt":"2017-03-29T17:54:16","guid":{"rendered":"http:\/\/dorfgemeinschaft.berkach.de\/?page_id=6"},"modified":"2017-04-05T20:55:58","modified_gmt":"2017-04-05T20:55:58","slug":"vereinsziele","status":"publish","type":"page","link":"http:\/\/dorfgemeinschaft.berkach.de\/?page_id=6","title":{"rendered":"Vereinsziele"},"content":{"rendered":"<ul>\n<li>Erhalt und F\u00f6rderung der Dorfgemeinschaft und des Brauchtums in Berkach<\/li>\n<li>Erhalt und F\u00f6rderung des Dorfgemeinschaftshaus Berkach als zentrale Begegnungsst\u00e4tte f\u00fcr Jung und Alt<\/li>\n<li>Ansprechpartner f\u00fcr die Stadt Gro\u00df-Gerau z.B. bei P\u00e4chterwechsel, P\u00e4chtersuche oder der Sanierung des DGH&#8217;s<\/li>\n<li>Integration der Veranstaltungen des &#8222;DGH-Teams&#8220;<\/li>\n<li>Wahrnehmung der Interessen der B\u00fcrger des Stadtteils gegen\u00fcber der Stadt und anderen \u00f6ffentlichen Stellen<\/li>\n<li>Erhalt und F\u00f6rderung der Kerwe-Traditionen in Berkach<\/li>\n<li>Integration der Aktivit\u00e4ten der Altkerweborsch<\/li>\n<li>Integration der Neub\u00fcrger in die Dorfgemeinschaft<\/li>\n<\/ul>\n","protected":false},"excerpt":{"rendered":"<p>Erhalt und F\u00f6rderung der Dorfgemeinschaft und des Brauchtums in Berkach Erhalt und F\u00f6rderung des Dorfgemeinschaftshaus Berkach als zentrale Begegnungsst\u00e4tte f\u00fcr Jung und Alt Ansprechpartner f\u00fcr die Stadt Gro\u00df-Gerau z.B. bei P\u00e4chterwechsel, P\u00e4chtersuche oder der Sanierung des DGH&#8217;s Integration der Veranstaltungen des &#8222;DGH-Teams&#8220; Wahrnehmung der Interessen der B\u00fcrger des Stadtteils gegen\u00fcber der Stadt und anderen \u00f6ffentlichen [&hellip;]<\/p>\n","protected":false},"author":1,"featured_media":0,"parent":0,"menu_order":0,"comment_status":"closed","ping_status":"closed","template":"","meta":[],"_links":{"self":[{"href":"http:\/\/dorfgemeinschaft.berkach.de\/index.php?rest_route=\/wp\/v2\/pages\/6"}],"collection":[{"href":"http:\/\/dorfgemeinschaft.berkach.de\/index.php?rest_route=\/wp\/v2\/pages"}],"about":[{"href":"http:\/\/dorfgemeinschaft.berkach.de\/index.php?rest_route=\/wp\/v2\/types\/page"}],"author":[{"embeddable":true,"href":"http:\/\/dorfgemeinschaft.berkach.de\/index.php?rest_route=\/wp\/v2\/users\/1"}],"replies":[{"embeddable":true,"href":"http:\/\/dorfgemeinschaft.berkach.de\/index.php?rest_route=%2Fwp%2Fv2%2Fcomments&post=6"}],"version-history":[{"count":4,"href":"http:\/\/dorfgemeinschaft.berkach.de\/index.php?rest_route=\/wp\/v2\/pages\/6\/revisions"}],"predecessor-version":[{"id":51,"href":"http:\/\/dorfgemeinschaft.berkach.de\/index.php?rest_route=\/wp\/v2\/pages\/6\/revisions\/51"}],"wp:attachment":[{"href":"http:\/\/dorfgemeinschaft.berkach.de\/index.php?rest_route=%2Fwp%2Fv2%2Fmedia&parent=6"}],"curies":[{"name":"wp","href":"https:\/\/api.w.org\/{rel}","templated":true}]}}