{"id":173,"date":"2017-05-08T18:30:29","date_gmt":"2017-05-08T18:30:29","guid":{"rendered":"http:\/\/dorfgemeinschaft.berkach.de\/?page_id=173"},"modified":"2017-09-12T13:22:44","modified_gmt":"2017-09-12T11:22:44","slug":"berkach-kollektion","status":"publish","type":"page","link":"http:\/\/dorfgemeinschaft.berkach.de\/?page_id=173","title":{"rendered":"Berkach Kollektion"},"content":{"rendered":"<p>Es gibt zun\u00e4chst ein Polo Shirt in je einer Version f\u00fcr Frauen und M\u00e4nner<\/p>\n<p><a href=\"http:\/\/dorfgemeinschaft.berkach.de\/wp-content\/uploads\/2017\/05\/Polo1.jpeg\"><img decoding=\"async\" loading=\"lazy\" class=\"alignnone size-medium wp-image-215\" src=\"http:\/\/dorfgemeinschaft.berkach.de\/wp-content\/uploads\/2017\/05\/Polo1-300x271.jpeg\" alt=\"\" width=\"300\" height=\"271\" srcset=\"http:\/\/dorfgemeinschaft.berkach.de\/wp-content\/uploads\/2017\/05\/Polo1-300x271.jpeg 300w, http:\/\/dorfgemeinschaft.berkach.de\/wp-content\/uploads\/2017\/05\/Polo1-768x693.jpeg 768w, http:\/\/dorfgemeinschaft.berkach.de\/wp-content\/uploads\/2017\/05\/Polo1.jpeg 949w\" sizes=\"(max-width: 300px) 100vw, 300px\" \/><\/a> <a href=\"http:\/\/dorfgemeinschaft.berkach.de\/wp-content\/uploads\/2017\/05\/Polo2.jpeg\"><img decoding=\"async\" loading=\"lazy\" class=\"alignnone size-medium wp-image-216\" src=\"http:\/\/dorfgemeinschaft.berkach.de\/wp-content\/uploads\/2017\/05\/Polo2-237x300.jpeg\" alt=\"\" width=\"237\" height=\"300\" srcset=\"http:\/\/dorfgemeinschaft.berkach.de\/wp-content\/uploads\/2017\/05\/Polo2-237x300.jpeg 237w, http:\/\/dorfgemeinschaft.berkach.de\/wp-content\/uploads\/2017\/05\/Polo2.jpeg 504w\" sizes=\"(max-width: 237px) 100vw, 237px\" \/><\/a><\/p>\n<p>Farbe: Dunkelblau<\/p>\n<p>Stoff: Cool Smooth<\/p>\n<p>Verf\u00fcgbare Gr\u00f6\u00dfen: S, M, L, XL und XXL<\/p>\n<p>Zum Selbstkostenpreis von 15 \u20ac<\/p>\n<p>Bestellungen bitte an <a href=\"mailto:shirt@berkach.de\">shirt@berkach.de<\/a><\/p>\n","protected":false},"excerpt":{"rendered":"<p>Es gibt zun\u00e4chst ein Polo Shirt in je einer Version f\u00fcr Frauen und M\u00e4nner Farbe: Dunkelblau Stoff: Cool Smooth Verf\u00fcgbare Gr\u00f6\u00dfen: S, M, L, XL und XXL Zum Selbstkostenpreis von 15 \u20ac Bestellungen bitte an shirt@berkach.de<\/p>\n","protected":false},"author":1,"featured_media":0,"parent":0,"menu_order":0,"comment_status":"closed","ping_status":"closed","template":"","meta":[],"_links":{"self":[{"href":"http:\/\/dorfgemeinschaft.berkach.de\/index.php?rest_route=\/wp\/v2\/pages\/173"}],"collection":[{"href":"http:\/\/dorfgemeinschaft.berkach.de\/index.php?rest_route=\/wp\/v2\/pages"}],"about":[{"href":"http:\/\/dorfgemeinschaft.berkach.de\/index.php?rest_route=\/wp\/v2\/types\/page"}],"author":[{"embeddable":true,"href":"http:\/\/dorfgemeinschaft.berkach.de\/index.php?rest_route=\/wp\/v2\/users\/1"}],"replies":[{"embeddable":true,"href":"http:\/\/dorfgemeinschaft.berkach.de\/index.php?rest_route=%2Fwp%2Fv2%2Fcomments&post=173"}],"version-history":[{"count":5,"href":"http:\/\/dorfgemeinschaft.berkach.de\/index.php?rest_route=\/wp\/v2\/pages\/173\/revisions"}],"predecessor-version":[{"id":395,"href":"http:\/\/dorfgemeinschaft.berkach.de\/index.php?rest_route=\/wp\/v2\/pages\/173\/revisions\/395"}],"wp:attachment":[{"href":"http:\/\/dorfgemeinschaft.berkach.de\/index.php?rest_route=%2Fwp%2Fv2%2Fmedia&parent=173"}],"curies":[{"name":"wp","href":"https:\/\/api.w.org\/{rel}","templated":true}]}}